{"id":12342,"date":"2015-04-27T11:52:12","date_gmt":"2015-04-27T11:52:12","guid":{"rendered":"http:\/\/dar-danextrem.com\/?page_id=12342"},"modified":"2021-02-25T16:25:49","modified_gmt":"2021-02-25T16:25:49","slug":"personnalisation","status":"publish","type":"page","link":"https:\/\/dar-danextrem.com\/index.php\/personnalisation\/","title":{"rendered":"Personnalisation"},"content":{"rendered":"<p>[vc_row css=&#8221;.vc_custom_1426357141086{padding-bottom: 100px !important;}&#8221;][vc_column][cs_custom_heading text=&#8221;V\u00eatements techniques sur mesure&#8221; font_container=&#8221;tag:h2|font_size:27px|text_align:left|line_height:1.2&#8243; el_class=&#8221;ignition-custom-heading&#8221; cs_heading_desc=&#8221;Gr\u00e2ce \u00e0 notre r\u00e9seau de partenaires et notre expertise, nous vous fournissons des v\u00eatements uniques personnalis\u00e9s \u00e0 votre nom d&#8217;entreprise transmettant ainsi son image.&#8221;][vc_empty_space height=&#8221;60px&#8221;][vc_row_inner][vc_column_inner width=&#8221;1\/2&#8243;]<div id=\"cshero-fancybox69f1d9799a80b_1777457529\" class=\"cshero-fancybox-wrap clearfix fancybox-layout2  text-left \" style=\"border-color: transparent;   \">\n    <style type=\"text\/css\" scoped>\n        #cshero-fancybox69f1d9799a80b_1777457529.fancybox-layout2:hover .fancy-icon {\n            background-color:#f7c51e !important;\n            border-color:#f7c51e !important;\n            color:#ffffff !important;\n        }\n\n        #cshero-fancybox69f1d9799a80b_1777457529.fancybox-layout2 .fancy-icon.icon-hover-style-1:after{\n            -webkit-border-radius:50%;\n            -moz-border-radius:50%;\n            -ms-border-radius:50%;\n            -o-border-radius:50%;\n            border-radius:50%;\n            background-color:#f7c51e;\n            border-width:2px;\n            border-style:solid;\n            border-color:#f7c51e;\n       }\n               #cshero-fancybox69f1d9799a80b_1777457529:hover,\n        #cshero-fancybox69f1d9799a80b_1777457529:active,\n        #cshero-fancybox69f1d9799a80b_1777457529:focus {\n            \n                    }\n               #cshero-fancybox69f1d9799a80b_1777457529 .content {\n            color: #696969;\n        }\n        \n              #cshero-fancybox69f1d9799a80b_1777457529:hover .cshero-title-main {\n            color: #f7c51e;\n       }\n                     #cshero-fancybox69f1d9799a80b_1777457529:hover .content {\n            color: #000000;\n       }\n           <\/style>\n    <div class=\"cshero-fancybox-title-image\">\n        <div class=\"cshero-fancybox-icon\">\n                                                                        <i class=\"fancy-icon icon-hover-style-1 fa fa fa-comments\" style=\"text-align:center; font-size: 35px; color: #696969; background-color: #ffffff; width: 90px; height: 90px; line-height: 90px; border-style: solid; border-width: 2px; border-color: #f7c51e; border-radius: 50%; \n                    -webkit-border-radius: 50%;\n                    -moz-border-radius: 50%;\n                    -ms-border-radius: 50%;\n                    -o-border-radius: 50%;\">\n                        <\/i>\n                                                            <\/div>\n        \n        <div class=\"cshero-fancybox-content\" style=\"padding-left: 90px;\">\n            <div class=\"cshero-fancybox-padding\">\n                                    <h5 style=\" margin: 20px 0 16px; text-transform: uppercase;\" class=\"cshero-fancybox-title\">\n                        <span class=\"cshero-title-main\">\n                            Conseils d'experts                        <\/span>\n                    <\/h5>\n                                <div class=\"content\"><\/p>\n<p style=\"text-align: justify;\"><span style=\"font-size: 15px;\">Notre expertise nous permet de vous conseiller quant \u00e0 la taille des messages et le type de marquage correspondant \u00e0 votre m\u00e9tier et vos contraintes tout en refl\u00e9tant l&#8217;image de votre entreprise.\u00a0<\/span><\/p>\n<p><\/div>\n                            <\/div>\n        <\/div>\n       \n    <\/div>\n<\/div>\n[vc_empty_space height=&#8221;48px&#8221;]<div id=\"cshero-fancybox69f1d9799ab5c_1777457529\" class=\"cshero-fancybox-wrap clearfix fancybox-layout2  text-left \" style=\"border-color: transparent;   \">\n    <style type=\"text\/css\" scoped>\n        #cshero-fancybox69f1d9799ab5c_1777457529.fancybox-layout2:hover .fancy-icon {\n            background-color:#f7c51e !important;\n            border-color:#f7c51e !important;\n            color:#ffffff !important;\n        }\n\n        #cshero-fancybox69f1d9799ab5c_1777457529.fancybox-layout2 .fancy-icon.icon-hover-style-1:after{\n            -webkit-border-radius:50%;\n            -moz-border-radius:50%;\n            -ms-border-radius:50%;\n            -o-border-radius:50%;\n            border-radius:50%;\n            background-color:#f7c51e;\n            border-width:2px;\n            border-style:solid;\n            border-color:#f7c51e;\n       }\n               #cshero-fancybox69f1d9799ab5c_1777457529:hover,\n        #cshero-fancybox69f1d9799ab5c_1777457529:active,\n        #cshero-fancybox69f1d9799ab5c_1777457529:focus {\n            \n                    }\n               #cshero-fancybox69f1d9799ab5c_1777457529 .content {\n            color: #696969;\n        }\n        \n              #cshero-fancybox69f1d9799ab5c_1777457529:hover .cshero-title-main {\n            color: #f7c51e;\n       }\n                     #cshero-fancybox69f1d9799ab5c_1777457529:hover .content {\n            color: #000000;\n       }\n           <\/style>\n    <div class=\"cshero-fancybox-title-image\">\n        <div class=\"cshero-fancybox-icon\">\n                                                                        <i class=\"fancy-icon icon-hover-style-1 fa fa fa-bullhorn\" style=\"text-align:center; font-size: 35px; color: #696969; background-color: #ffffff; width: 90px; height: 90px; line-height: 90px; border-style: solid; border-width: 2px; border-color: #f7c51e; border-radius: 50%; \n                    -webkit-border-radius: 50%;\n                    -moz-border-radius: 50%;\n                    -ms-border-radius: 50%;\n                    -o-border-radius: 50%;\">\n                        <\/i>\n                                                            <\/div>\n        \n        <div class=\"cshero-fancybox-content\" style=\"padding-left: 90px;\">\n            <div class=\"cshero-fancybox-padding\">\n                                    <h5 style=\" margin: 20px 0 16px; text-transform: uppercase;\" class=\"cshero-fancybox-title\">\n                        <span class=\"cshero-title-main\">\n                            Communiquez gr\u00e2ce \u00e0 vos v\u00eatements                        <\/span>\n                    <\/h5>\n                                <div class=\"content\"><\/p>\n<p style=\"text-align: justify;\"><span style=\"font-size: 15px;\">Soyez certain que personne ne vous ressemblera gr\u00e2ce \u00e0 l&#8217;insertion sur vos v\u00eatements de votre logo, nom, coordonn\u00e9es et toute autre forme de texte et image.\u00a0<\/span><\/p>\n<p><\/div>\n                            <\/div>\n        <\/div>\n       \n    <\/div>\n<\/div>\n[vc_empty_space height=&#8221;48px&#8221;]<div id=\"cshero-fancybox69f1d9799aca3_1777457529\" class=\"cshero-fancybox-wrap clearfix fancybox-layout2  text-left \" style=\"border-color: transparent;   \">\n    <style type=\"text\/css\" scoped>\n        #cshero-fancybox69f1d9799aca3_1777457529.fancybox-layout2:hover .fancy-icon {\n            background-color:#f7c51e !important;\n            border-color:#f7c51e !important;\n            color:#ffffff !important;\n        }\n\n        #cshero-fancybox69f1d9799aca3_1777457529.fancybox-layout2 .fancy-icon.icon-hover-style-1:after{\n            -webkit-border-radius:50%;\n            -moz-border-radius:50%;\n            -ms-border-radius:50%;\n            -o-border-radius:50%;\n            border-radius:50%;\n            background-color:#f7c51e;\n            border-width:2px;\n            border-style:solid;\n            border-color:#f7c51e;\n       }\n               #cshero-fancybox69f1d9799aca3_1777457529:hover,\n        #cshero-fancybox69f1d9799aca3_1777457529:active,\n        #cshero-fancybox69f1d9799aca3_1777457529:focus {\n            \n                    }\n               #cshero-fancybox69f1d9799aca3_1777457529 .content {\n            color: #696969;\n        }\n        \n              #cshero-fancybox69f1d9799aca3_1777457529:hover .cshero-title-main {\n            color: #f7c51e;\n       }\n                     #cshero-fancybox69f1d9799aca3_1777457529:hover .content {\n            color: #000000;\n       }\n           <\/style>\n    <div class=\"cshero-fancybox-title-image\">\n        <div class=\"cshero-fancybox-icon\">\n                                                                        <i class=\"fancy-icon icon-hover-style-1 fa fa fa-paint-brush\" style=\"text-align:center; font-size: 35px; color: #696969; background-color: #ffffff; width: 90px; height: 90px; line-height: 90px; border-style: solid; border-width: 2px; border-color: #f7c51e; border-radius: 50%; \n                    -webkit-border-radius: 50%;\n                    -moz-border-radius: 50%;\n                    -ms-border-radius: 50%;\n                    -o-border-radius: 50%;\">\n                        <\/i>\n                                                            <\/div>\n        \n        <div class=\"cshero-fancybox-content\" style=\"padding-left: 90px;\">\n            <div class=\"cshero-fancybox-padding\">\n                                    <h5 style=\" margin: 20px 0 16px; text-transform: uppercase;\" class=\"cshero-fancybox-title\">\n                        <span class=\"cshero-title-main\">\n                            Broderie et s\u00e9rigraphie                        <\/span>\n                    <\/h5>\n                                <div class=\"content\"><\/p>\n<p style=\"text-align: justify;\"><span style=\"font-size: 15px;\">Notre partenaire en broderie et s\u00e9rigraphie vous garantit un r\u00e9sultat de qualit\u00e9 pour la mise en avant de votre entreprise, tout en gardant le confort de vos v\u00eatements.<\/span><\/p>\n<p><\/div>\n                            <\/div>\n        <\/div>\n       \n    <\/div>\n<\/div>\n[\/vc_column_inner][vc_column_inner width=&#8221;1\/2&#8243;][vc_gallery interval=&#8221;3&#8243; images=&#8221;12389,12391,12704,12705,12702,12392,12390,12703&#8243; img_size=&#8221;596&#215;326&#8243; onclick=&#8221;&#8221;][vc_column_text css=&#8221;.vc_custom_1614262035841{padding-right: 15px !important;padding-left: 15px !important;}&#8221;]<\/p>\n<p style=\"font-size: 15px; color: #696969; text-align: justify;\">Notre client\u00e8le s&#8217;\u00e9tend sur de nombreux m\u00e9tiers tels que ma\u00e7ons, peintres, plombiers, professionnels du corps m\u00e9dical, restaurateurs, commer\u00e7ants, commerciaux, forestiers,\u2026 mais aussi les sportifs \u00e0 la recherche d&#8217;\u00e9quipements robustes (peaux techniques, chaussures de sport&#8230;).<\/p>\n<p style=\"font-size: 15px; color: #696969; text-align: justify;\">Quel que soit votre m\u00e9tier, taille d&#8217;entreprise ou utilisation, nous vous conseillons sur le v\u00eatement qui vous conviendra le mieux et vous assurons une prestation de service de qualit\u00e9 afin que vous puissiez travailler dans les meilleures conditions possibles en \u00e9tant \u00e0 l&#8217;aise dans vos v\u00eatements.<\/p>\n<p style=\"font-size: 15px; color: #696969; text-align: justify;\">Notre suivi apr\u00e8s-vente nous permet de nous assurer de votre satisfaction dans l&#8217;utilisation de vos nouveaux v\u00eatements, et de r\u00e9agir au plus vite en cas d&#8217;\u00e9ventuel probl\u00e8me.<\/p>\n<p>[\/vc_column_text][\/vc_column_inner][\/vc_row_inner][\/vc_column][\/vc_row]<\/p>\n","protected":false},"excerpt":{"rendered":"<p>[vc_row css=&#8221;.vc_custom_1426357141086{padding-bottom: 100px !important;}&#8221;][vc_column][cs_custom_heading text=&#8221;V\u00eatements techniques sur mesure&#8221; font_container=&#8221;tag:h2|font_size:27px|text_align:left|line_height:1.2&#8243; el_class=&#8221;ignition-custom-heading&#8221; cs_heading_desc=&#8221;Gr\u00e2ce \u00e0 notre r\u00e9seau de partenaires et notre expertise, nous vous fournissons des v\u00eatements uniques personnalis\u00e9s \u00e0 votre nom d&#8217;entreprise transmettant ainsi son image.&#8221;][vc_empty_space height=&#8221;60px&#8221;][vc_row_inner][vc_column_inner width=&#8221;1\/2&#8243;][vc_empty_space height=&#8221;48px&#8221;][vc_empty_space height=&#8221;48px&#8221;][\/vc_column_inner][vc_column_inner width=&#8221;1\/2&#8243;][vc_gallery interval=&#8221;3&#8243; images=&#8221;12389,12391,12704,12705,12702,12392,12390,12703&#8243; img_size=&#8221;596&#215;326&#8243; onclick=&#8221;&#8221;][vc_column_text css=&#8221;.vc_custom_1614262035841{padding-right: 15px [&hellip;]<\/p>\n","protected":false},"author":1,"featured_media":0,"parent":0,"menu_order":4,"comment_status":"closed","ping_status":"open","template":"","meta":[],"_links":{"self":[{"href":"https:\/\/dar-danextrem.com\/index.php\/wp-json\/wp\/v2\/pages\/12342"}],"collection":[{"href":"https:\/\/dar-danextrem.com\/index.php\/wp-json\/wp\/v2\/pages"}],"about":[{"href":"https:\/\/dar-danextrem.com\/index.php\/wp-json\/wp\/v2\/types\/page"}],"author":[{"embeddable":true,"href":"https:\/\/dar-danextrem.com\/index.php\/wp-json\/wp\/v2\/users\/1"}],"replies":[{"embeddable":true,"href":"https:\/\/dar-danextrem.com\/index.php\/wp-json\/wp\/v2\/comments?post=12342"}],"version-history":[{"count":24,"href":"https:\/\/dar-danextrem.com\/index.php\/wp-json\/wp\/v2\/pages\/12342\/revisions"}],"predecessor-version":[{"id":12706,"href":"https:\/\/dar-danextrem.com\/index.php\/wp-json\/wp\/v2\/pages\/12342\/revisions\/12706"}],"wp:attachment":[{"href":"https:\/\/dar-danextrem.com\/index.php\/wp-json\/wp\/v2\/media?parent=12342"}],"curies":[{"name":"wp","href":"https:\/\/api.w.org\/{rel}","templated":true}]}}