{"id":12588,"date":"2021-02-24T11:24:39","date_gmt":"2021-02-24T11:24:39","guid":{"rendered":"https:\/\/dar-danextrem.com\/?page_id=12588"},"modified":"2021-02-24T11:41:59","modified_gmt":"2021-02-24T11:41:59","slug":"politique-de-confidentialite","status":"publish","type":"page","link":"https:\/\/dar-danextrem.com\/index.php\/politique-de-confidentialite\/","title":{"rendered":"Politique de confidentialit\u00e9"},"content":{"rendered":"<p>[vc_row][vc_column][vc_column_text]DAR-DAN est engag\u00e9 dans la pr\u00e9servation de vos donn\u00e9es personnelles. Nous vous invitons \u00e0 nous contacter si vous avez des questions ou des remarques quant \u00e0 l\u2019utilisation de vos donn\u00e9es personnelles.<\/p>\n<p>En navigant sur ce site, vous acceptez notre politique de gestion de vos donn\u00e9es personnelles selon les modalit\u00e9s d\u00e9crites dans cette politique de confidentialit\u00e9.<\/p>\n<h3><\/h3>\n<h2>Table des Mati\u00e8res<\/h2>\n<ol>\n<li><a>D\u00e9finitions<\/a><\/li>\n<li><a>Principe de protection des donn\u00e9es<\/a><\/li>\n<li><a>Droit des individus<\/a><\/li>\n<li><a>Donn\u00e9es collect\u00e9es<\/a><\/li>\n<li><a>Comment nous utilisons les donn\u00e9es personnelles<\/a><\/li>\n<li><a>Qui d\u2019autre peut acc\u00e9der aux donn\u00e9es personnelles<\/a><\/li>\n<li><a>Comment nous s\u00e9curisons vos donn\u00e9es<\/a><\/li>\n<li><a>Cookies et technologies utilis\u00e9es<\/a><\/li>\n<li><a>Informations de contact<\/a><\/li>\n<\/ol>\n<h3><\/h3>\n<h2 id=\"gdpr-definitions\">D\u00e9finitions<\/h2>\n<p><strong>Donn\u00e9es Personnelles\u00a0<\/strong>\u00a0\u2013 toute information reli\u00e9e \u00e0 une personne physique identifi\u00e9e ou identifiable par cette information.<br \/>\n<strong>Traitement des donn\u00e9es<\/strong>\u00a0\u2013 toute op\u00e9ration ou ensemble d\u2019op\u00e9rations relative au traitement des donn\u00e9es personnelles.<br \/>\n<strong>Data subject<\/strong>\u00a0\u2013 une personne physique pour laquelle des donn\u00e9es sont trait\u00e9es.<br \/>\n<strong>Nous <\/strong>\u00a0\u2013 La soci\u00e9t\u00e9 DAR-DAN<\/p>\n<h3><\/h3>\n<h2 id=\"gdpr-principles\">Principe de protection de donn\u00e9es<\/h2>\n<p>Nous nous engageons \u00e0 respecter les mesures de protection des donn\u00e9es suivantes :<\/p>\n<ul>\n<li>Le traitement des donn\u00e9es est l\u00e9gal, indiff\u00e9renci\u00e9 et transparent. Nos activit\u00e9s de traitement de donn\u00e9es sont bas\u00e9e sur la loi. Nous prenons avant tout en consid\u00e9ration vos droits, avant m\u00eame le traitement de vos donn\u00e9es personnelles. \u00c0 votre demande, nous vous fournissons les informations relatives au traitement des donn\u00e9es sur le site egsdemolition.fr<\/li>\n<li>L\u2019utilisation des donn\u00e9es est limit\u00e9e au conditions fix\u00e9es lors de votre consentement \u00e0 nos conditions, fix\u00e9es par la loi.<\/li>\n<li>Le traitement des donn\u00e9es est limit\u00e9 au minimum. Nous collectons et utilisons uniquement les donn\u00e9es personnelles dont nous avons besoin.<\/li>\n<li>La conservation et l\u2019utilisation de ces donn\u00e9es sont limit\u00e9s dans le temps par la loi. Nous ne conserverons pas vos donn\u00e9es au del\u00e0 de 36 mois.<\/li>\n<li>Nous t\u00e2cherons de nous assurer de la v\u00e9racit\u00e9 des donn\u00e9es.<\/li>\n<li>Nous mettrons tout en oeuvre pour garantir l\u2019int\u00e9grit\u00e9 et la confidentialit\u00e9 des donn\u00e9es.<\/li>\n<\/ul>\n<h3><\/h3>\n<h2 id=\"gdpr-principles\">Droit des individus<\/h2>\n<p>Les individus pour lesquels des donn\u00e9es ont \u00e9t\u00e9 collect\u00e9es b\u00e9n\u00e9ficient des droits suivants :<\/p>\n<ol>\n<li>Droit \u00e0 l\u2019information \u2013 vous avez le droit de connaitre si vos informations personnelles sont trait\u00e9s \/ utilis\u00e9es, quelles informations sont collect\u00e9es, de quelle source et par quel biais, pourquoi et par qui elles sont exploit\u00e9es.<\/li>\n<li>Droit d\u2019acc\u00e8s \u00a0\u2013 vous avez un droit d\u2019acc\u00e8s aux donn\u00e9es collect\u00e9es vous concernant. Ceci incluant votre droit de demander et obtenir une copie de l\u2019ensemble vos donn\u00e9es personnelles collect\u00e9es.<\/li>\n<li>Droit \u00e0 la modification \u2013 Vous avez le droit de demander la modification ou la suppression de vos donn\u00e9es personnelles collect\u00e9es, qui seraient erron\u00e9es ou incompl\u00e8tes.<\/li>\n<li>Droit \u00e0 l\u2019oubli \u2013 Dans certaines circonstances, vous pouvez demander \u00e0 ce que toutes les donn\u00e9es personnelles vous concernant soient supprim\u00e9es de nos bases.<\/li>\n<li>Droit de restreindre le traitement des donn\u00e9es \u2013 Dans certaines conditions d\u2019application, vous avez le droit de restreindre le traitement de vos donn\u00e9es personnelles.<\/li>\n<li>Droit d\u2019opposition au traitement des donn\u00e9es \u2013 Dans certains cas, vous pouvez contester le traitement de vos donn\u00e9es personnelles par exemple dans le cas d\u2019actions de marketing direct.<\/li>\n<li>Droit \u00a0d\u2019opposition au traitement automatique des donn\u00e9es\u2013 Vous avez le droit de contester un traitement automatique des donn\u00e9es, incluant le profilage, et de ne pas \u00eatre sujet d\u2019une d\u00e9cision commerciale, de contact ou de toute autre sollicitation bas\u00e9e uniquement sur un traitement automatis\u00e9 des donn\u00e9es. \u00a0Vous pouvez exercer ce droit dans n\u2019import quelle situation dans laquelle des actions de profilage vous affectant ou pouvant produire des effets l\u00e9gaux.<\/li>\n<li>Droit \u00e0 la portabilit\u00e9 \u2013 Vous avez le droit d\u2019obtenir une copie informatis\u00e9e de l\u2019ensemble des donn\u00e9es personnelles vous concernant, \u00a0si possible de mani\u00e8re directe (par email \/ t\u00e9l\u00e9chargement direct).<\/li>\n<li>Droit \u00e0 la r\u00e9clamation \u2013 Dans un cas de figure o\u00f9, nous vous refusons une de vos demandes concernant l\u2019acc\u00e8s \u00e0 l\u2019information selon les conditions d\u00e9finies ici, nous nous engageons \u00e0 vous en fournir les raisons. Si vous n\u2019\u00eates pas satisfaits de ces raisons, n\u2019h\u00e9sitez pas \u00e0 nous contacter.<\/li>\n<li>Droit de solliciter l\u2019autorit\u00e9 de surveillance comp\u00e9tente \u2013 Vous \u00eates en droit de solliciter une l\u2019autorit\u00e9 de surveillance comp\u00e9tente, et le droit d\u2019intenter une action devant ladite autorit\u00e9.<\/li>\n<li>Droit de retrait du consentement \u2013 Vous \u00eates en droit de retirer tout consentement donn\u00e9 pr\u00e9c\u00e9demment dans le cadre du traitement de vos donn\u00e9es personnelles.<\/li>\n<\/ol>\n<h3><\/h3>\n<h2 id=\"gdpr-information\">Donn\u00e9es collect\u00e9es<\/h2>\n<p><strong>Informations communiqu\u00e9es par vos soins<\/strong><br \/>\nNous collectons les donn\u00e9es que vous nous transmettez dans le cadre de nos formulaires de contact. Nous collectons \u00e0 cette occasion vos nom, pr\u00e9nom, adresse email et ville de r\u00e9sidence. Ces informations sont uniquement utilis\u00e9es pour r\u00e9pondre \u00e0 votre demande, et ne sont pas conserv\u00e9es.<\/p>\n<p><b>Informations\u00a0collect\u00e9es automatiquement<\/b><br \/>\nNous collectons automatiquement certaines donn\u00e9es, qui sont stock\u00e9es dans des cookies. \u00a0Ces cookies contiennent votre adresse IP, vos temps et votre chemin de navigation. Cette information est uniquement collect\u00e9e \u00e0 des fins d\u2019am\u00e9lioration de votre exp\u00e9rience d\u2019utilisateur.<\/p>\n<h3><\/h3>\n<h2 id=\"gdpr-processing\">Comment utilisons-nous les donn\u00e9es personnelles ?<\/h2>\n<p>Nous utilisons vos donn\u00e9es personnelles uniquement dans deux situation :<\/p>\n<ul>\n<li>Dans l\u2019objectif d\u2019optimiser la navigation de notre site, et ainsi donc vous proposer une meilleure exp\u00e9rience.<\/li>\n<li>Dans l\u2019objectif de vous recontacter dans le cadre d\u2019une solicitation de votre part, via notre formulaire.<\/li>\n<\/ul>\n<p>Nous utilisons ces donn\u00e9es sur la base l\u00e9gale qu\u2019octroie votre consentement.<\/p>\n<p>Nous utilisons vos donn\u00e9es personnelles dans le respect de la r\u00e9glementation et dans les possibilit\u00e9s qu\u2019elle permet. Nous not r\u00e9servons le droit d\u2019anonymiser les donn\u00e9es personnelles r\u00e9colt\u00e9es et ainsi de pouvoir les utiliser en ne portant atteinte ni aux personnes, ni \u00e0 la loi. Nous utilisons ces donn\u00e9es hors du cadre de cette politique de confidentialit\u00e9 seulement apr\u00e8s les avoir anonymis\u00e9.<\/p>\n<p>Nous ne proc\u00e9derons au traitement de vos donn\u00e9es personnelles dans d\u2019autres cas que ceux pr\u00e9vus dans ce document que dans le cas o\u00f9 cela correspond au but recherch\u00e9, et ce, dans le cadre de la loi. Pour cela nous nous assurons que :<\/p>\n<ul>\n<li>Le lien entre le but recherch\u00e9, le contexte d\u2019ex\u00e9cution et la nature des donn\u00e9es sont compatibles avec un traitement tel que :\n<ul>\n<li>Le traitement de ces donn\u00e9es ne vous portetons pas atteinte \u00e0 vos int\u00e9r\u00eats.<\/li>\n<li>Nous mettrons tout en oeuvre pour prot\u00e9ger les donn\u00e9es.<\/li>\n<\/ul>\n<\/li>\n<\/ul>\n<p>Nous vous informerons de tout changement concernant les modalit\u00e9s de traitement des donn\u00e9es et les but vis\u00e9s.<\/p>\n<h3 id=\"gdpr-sharing\">Qui d\u2019autre peut acc\u00e9der aux donn\u00e9es personnelles<\/h3>\n<p>Nous ne partageons pas vos donn\u00e9es personnelles avec d\u2019autres soci\u00e9t\u00e9s en dehors de celles rentrant dans notre processus de traitement desdites donn\u00e9es.<\/p>\n<p><strong>Les tierces parties de\u00a0traitement de donn\u00e9es<\/strong><\/p>\n<ul>\n<li>Nous collectons et exploitons ces donn\u00e9es via l\u2019outil Google Analytics, en conformit\u00e9 avec la r\u00e9glementation RGPD.<\/li>\n<\/ul>\n<p>Nous travaillons seulement avec des partenaires en mesure de garantir un niveau ad\u00e9quat de protection de vos donn\u00e9es personnelles. Nous pouvons \u00eatre amen\u00e9s \u00e0 partager vos donn\u00e9es aupr\u00e8s d\u2019acteurs institutionnels publics, dans le cadre de proc\u00e9dures l\u00e9gales nous y obligeant.<\/p>\n<h3><\/h3>\n<h2 id=\"gdpr-security\">Comment s\u00e9curisons-nous vos donn\u00e9es ?<\/h2>\n<p>Nous mettons tout en oeuvre pour conserver vos donn\u00e9es personnelles \u00e0 l\u2019abri. Nous utilisons des protocols de communication et de transfert de donn\u00e9es s\u00fbrs (comme HTTPS). Nous anonymisons, via notre fournisseurs de solution de collecte et analyse de donn\u00e9es (Google Analytics) vos donn\u00e9es le plus en amont possible de leur traitement. Nous travaillons \u00e0 garantir un niveau de s\u00e9curisation suffisant.<br \/>\nM\u00eame en mettant tout en oeuvre, nous ne pouvons pas garantir une s\u00e9curit\u00e9 totale des informations. N\u00e9anmoins, nous nous engageons \u00e0 notifier les autorit\u00e9s comp\u00e9tentes en cas de faille de s\u00e9curit\u00e9, conform\u00e9ment \u00e0 la loi. Nous vous notifierons \u00e9galement si nous d\u00e9celons une menace envers vos droits et\/ou int\u00e9r\u00eats. Nous ferons tout notre possible pour pr\u00e9venir toute faille de s\u00e9curit\u00e9 et pour aider les autorit\u00e9s dans le cas d\u2019une br\u00e8che.<\/p>\n<h3><\/h3>\n<h2 id=\"gdpr-cookies\">Cookies et technologies utilis\u00e9es<\/h2>\n<p>Nous utilisons des cookies et\/ou des technologies similaires pour analyser le comportement de nous utilisateurs, administrer le site internet, enregistrer la navigation des utilisateurs, et collecter des informations sur les utilisateurs. Tout cela dans l\u2019objectif d\u2019am\u00e9liorer votre exp\u00e9rience de navigation.<\/p>\n<p>Un cookie est un fichier texte stock\u00e9 sur votre terminal. Les cookies regroupent des informations permettant au site d\u2019\u00eatre fonctionnel. Nous seuls pouvons acc\u00e9der aux cookies cr\u00e9\u00e9s par notre site web. Vous pouvez g\u00e9rer les cookies dans les r\u00e9glages de votre navigateur web. Choisir de d\u00e9sactiver les cookies peut limiter votre acc\u00e8s \u00e0 certaines fonctions.<\/p>\n<p><strong>Nous utilisons des\u00a0cookies pour les besoins\u00a0suivants :<\/strong><\/p>\n<ul>\n<li>Cookies n\u00e9cessaires \u2013 ces cookies sont requis pour utiliser certaines fonctionnalit\u00e9s de notre site, tels que le possibilit\u00e9 de commenter des articles.<\/li>\n<li>Cookies fonctionnels \u2013 ces cookies permettent d\u2019utiliser nos services de mani\u00e8re \u00e0 se souvenir de vous pr\u00e9f\u00e9rences de confidentialit\u00e9 par exemple.<\/li>\n<li>Cookies \u201cAnalytics\u201d \u2013 ces cookies sont utilis\u00e9s pour enregistrer votre utilisation et votre navigation sur notre site.<\/li>\n<\/ul>\n<p>Vous pouvez supprimer les cookies stock\u00e9s sur votre terminal dans les r\u00e9galages de votre navigateur internet.<\/p>\n<p>Nous utilisons Google Analytics afin de mesurer le trafic sur notre site internet. Google poss\u00e8de sa propre politique de confidentialit\u00e9 disponible\u00a0<a href=\"https:\/\/support.google.com\/analytics\/answer\/6004245\">Ici<\/a>. Si vous souhaitez ne pas consentir \u00e0 un suivi de vos activit\u00e9s par Google Analytics, visitez la page \u00a0\u00a0<a href=\"https:\/\/tools.google.com\/dlpage\/gaoptout\">Page de retrait du consentement<\/a><\/p>\n<h3><\/h3>\n<h2 id=\"gdpr-contact\">Informations de Contact<\/h2>\n<p><strong id=\"gdpr-dpa\">Autorit\u00e9 de surveillance comp\u00e9tente sur le territoire fran\u00e7ais :<\/strong><\/p>\n<p>CNIL -www.cnil.fr \u2013<strong>01 53 73 22 22<\/strong><\/p>\n<h2><\/h2>\n<h2 id=\"gdpr-changes\">Modification de cette politique de confidentialit\u00e9<\/h2>\n<p>Nous nous r\u00e9servons le droit de modifier cette politique de confidentialit\u00e9 \u00e0 tout moment.<br \/>\nDate de derni\u00e8re modification : 02 f\u00e9vrier 2021[\/vc_column_text][\/vc_column][\/vc_row]<\/p>\n","protected":false},"excerpt":{"rendered":"<p>[vc_row][vc_column][vc_column_text]DAR-DAN est engag\u00e9 dans la pr\u00e9servation de vos donn\u00e9es personnelles. Nous vous invitons \u00e0 nous contacter si vous avez des questions ou des remarques quant \u00e0 l\u2019utilisation de vos donn\u00e9es personnelles. En navigant sur ce site, vous acceptez notre politique de gestion de vos donn\u00e9es [&hellip;]<\/p>\n","protected":false},"author":1,"featured_media":0,"parent":0,"menu_order":6,"comment_status":"closed","ping_status":"closed","template":"","meta":[],"_links":{"self":[{"href":"https:\/\/dar-danextrem.com\/index.php\/wp-json\/wp\/v2\/pages\/12588"}],"collection":[{"href":"https:\/\/dar-danextrem.com\/index.php\/wp-json\/wp\/v2\/pages"}],"about":[{"href":"https:\/\/dar-danextrem.com\/index.php\/wp-json\/wp\/v2\/types\/page"}],"author":[{"embeddable":true,"href":"https:\/\/dar-danextrem.com\/index.php\/wp-json\/wp\/v2\/users\/1"}],"replies":[{"embeddable":true,"href":"https:\/\/dar-danextrem.com\/index.php\/wp-json\/wp\/v2\/comments?post=12588"}],"version-history":[{"count":1,"href":"https:\/\/dar-danextrem.com\/index.php\/wp-json\/wp\/v2\/pages\/12588\/revisions"}],"predecessor-version":[{"id":12589,"href":"https:\/\/dar-danextrem.com\/index.php\/wp-json\/wp\/v2\/pages\/12588\/revisions\/12589"}],"wp:attachment":[{"href":"https:\/\/dar-danextrem.com\/index.php\/wp-json\/wp\/v2\/media?parent=12588"}],"curies":[{"name":"wp","href":"https:\/\/api.w.org\/{rel}","templated":true}]}}