{"id":12591,"date":"2021-02-24T11:28:09","date_gmt":"2021-02-24T11:28:09","guid":{"rendered":"https:\/\/dar-danextrem.com\/?page_id=12591"},"modified":"2021-02-24T11:38:34","modified_gmt":"2021-02-24T11:38:34","slug":"mentions-legales","status":"publish","type":"page","link":"https:\/\/dar-danextrem.com\/index.php\/mentions-legales\/","title":{"rendered":"Mentions l\u00e9gales"},"content":{"rendered":"<p>[vc_row][vc_column][vc_column_text]<\/p>\n<h2 id=\"gdpr-definitions\" style=\"text-align: center;\">La soci\u00e9t\u00e9<\/h2>\n<p style=\"text-align: center;\">DAR-DAN SARL<br \/>\n217 Route de l&#8217;Amballon \u2013 38790 CHARANTONNAY<br \/>\n07 86 41 40 60<\/p>\n<p style=\"text-align: center;\">SIRET : 74988076100038<\/p>\n<p style=\"text-align: center;\"><i id=\"siret_icon\" class=\"i-copy copyNumber__icon\"><\/i>Email : contact@dar-danextrem.com<br \/>\nN\u00b0 TVA : FR59749880761<\/p>\n<p style=\"text-align: center;\">RCS : Vienne B 749\u00a0880\u00a0761<\/p>\n<p style=\"text-align: center;\">Autorit\u00e9 comp\u00e9tente : Vienne<\/p>\n<p>Publication valid\u00e9e par le g\u00e9rant de la soci\u00e9t\u00e9. AUCUNE COPIE NI RECOPIE AUTORISEE<\/p>\n<p><strong>Tous supports m\u00e9dia publi\u00e9s sur le site internet egsdemolition.fr (photos, vid\u00e9os, vignettes, images, plans, films 3D, vid\u00e9os, logo) sont de la propri\u00e9t\u00e9 de DAR-DAN. Toute reproduction, copie, diffusion est interdite. <\/strong><\/p>\n<p><strong>Le t\u00e9l\u00e9chargement des documents (fiches techniques, catalogue) est autoris\u00e9 \u00e0 des fin de consultation et de formation personnelle. Toute diffusion et reproduction est interdite.\u00a0<\/strong><\/p>\n<p>&nbsp;<\/p>\n<h2 id=\"gdpr-definitions\">H\u00e9bergeur<\/h2>\n<p>O2 SWITCH<\/p>\n<p>&nbsp;<\/p>\n<h2 id=\"gdpr-definitions\">Collecte et utilisation des donn\u00e9es<\/h2>\n<p><strong>Donn\u00e9es personnelles<\/strong><\/p>\n<p>Les informations recueillies \u00e0 partir du formulaire de contact font l\u2019objet d\u2019un traitement informatique destin\u00e9\u00a0\u00e0 : <strong>DAR-DAN<\/strong><\/p>\n<p>Pour la ou les finalit\u00e9(s) suivante(s) :\u00a0<strong>Promotion commerciale, Enqu\u00eate<\/strong><\/p>\n<p>&nbsp;<\/p>\n<h2 id=\"gdpr-definitions\">Responsable du traitement de l\u2019information<\/h2>\n<p><strong>Pascal\u00a0DANON \u2013 G\u00e9rant<\/strong><br \/>\n<strong>06 19 92 06 11<\/strong><\/p>\n<p>&nbsp;<\/p>\n<p>Conform\u00e9ment \u00e0 la <a href=\"https:\/\/cnil.fr\/fr\/loi-78-17-du-6-janvier-1978-modifiee\">loi \u00ab informatique et libert\u00e9s \u00bb du 6 janvier 1978 modifi\u00e9e<\/a>, vous disposez d\u2019un\u00a0<a href=\"https:\/\/cnil.fr\/fr\/le-droit-dacces\">droit d\u2019acc\u00e8s<\/a> et <a href=\"https:\/\/cnil.fr\/fr\/le-droit-de-rectification\">de rectification<\/a> aux informations qui vous concernent.<\/p>\n<p>Vous pouvez acc\u00e9der aux informations vous concernant\u00a0en vous adressant \u00e0\u00a0:<\/p>\n<p><strong>Odile\u00a0SAUNIER \u2013 Assistante<\/strong><br \/>\n<strong>07 86 41 40 60<\/strong><\/p>\n<p>&nbsp;<\/p>\n<p>Vous pouvez \u00e9galement, pour des motifs l\u00e9gitimes, <a href=\"https:\/\/cnil.fr\/fr\/le-droit-dopposition\">vous opposer\u00a0au traitement des donn\u00e9es vous concernant<\/a>.<\/p>\n<p>Pour en savoir plus, <a href=\"https:\/\/cnil.fr\/fr\/comprendre-vos-droits\">consultez\u00a0vos droits sur le site de la CNIL<\/a>.[\/vc_column_text][\/vc_column][\/vc_row]<\/p>\n","protected":false},"excerpt":{"rendered":"<p>[vc_row][vc_column][vc_column_text] La soci\u00e9t\u00e9 DAR-DAN SARL 217 Route de l&#8217;Amballon \u2013 38790 CHARANTONNAY 07 86 41 40 60 SIRET : 74988076100038 Email : contact@dar-danextrem.com N\u00b0 TVA : FR59749880761 RCS : Vienne B 749\u00a0880\u00a0761 Autorit\u00e9 comp\u00e9tente : Vienne Publication valid\u00e9e par le g\u00e9rant de la soci\u00e9t\u00e9. AUCUNE [&hellip;]<\/p>\n","protected":false},"author":1,"featured_media":0,"parent":0,"menu_order":6,"comment_status":"closed","ping_status":"closed","template":"","meta":[],"_links":{"self":[{"href":"https:\/\/dar-danextrem.com\/index.php\/wp-json\/wp\/v2\/pages\/12591"}],"collection":[{"href":"https:\/\/dar-danextrem.com\/index.php\/wp-json\/wp\/v2\/pages"}],"about":[{"href":"https:\/\/dar-danextrem.com\/index.php\/wp-json\/wp\/v2\/types\/page"}],"author":[{"embeddable":true,"href":"https:\/\/dar-danextrem.com\/index.php\/wp-json\/wp\/v2\/users\/1"}],"replies":[{"embeddable":true,"href":"https:\/\/dar-danextrem.com\/index.php\/wp-json\/wp\/v2\/comments?post=12591"}],"version-history":[{"count":3,"href":"https:\/\/dar-danextrem.com\/index.php\/wp-json\/wp\/v2\/pages\/12591\/revisions"}],"predecessor-version":[{"id":12594,"href":"https:\/\/dar-danextrem.com\/index.php\/wp-json\/wp\/v2\/pages\/12591\/revisions\/12594"}],"wp:attachment":[{"href":"https:\/\/dar-danextrem.com\/index.php\/wp-json\/wp\/v2\/media?parent=12591"}],"curies":[{"name":"wp","href":"https:\/\/api.w.org\/{rel}","templated":true}]}}